{"id":4,"date":"2020-05-22T16:23:32","date_gmt":"2020-05-22T16:23:32","guid":{"rendered":"http:\/\/baseworx.de\/?page_id=4"},"modified":"2021-02-13T21:49:57","modified_gmt":"2021-02-13T21:49:57","slug":"baseworx-office-management","status":"publish","type":"page","link":"https:\/\/baseworx.de\/","title":{"rendered":"BaseWorx Office Management"},"content":{"rendered":"\n<p>Sind Sie auf der Suche nach einer kompetenten B\u00fcrokraft, die in der Lage ist eigenst\u00e4ndig Ihr B\u00fcro zu f\u00fchren, w\u00e4hrend Sie sich um Ihre tats\u00e4chliche Arbeit k\u00fcmmern, z.B. auf der Baustelle, in der Werkstatt, in der K\u00fcche, im Hotel oder wo auch immer&#8230;.<\/p>\n\n\n\n<p>Dann sind wir Ihr professioneller Partner f\u00fcr die B\u00fcrof\u00fchrung und\/oder f\u00fcr Ihre B\u00fcroorganisation, Postbearbeitung, vorbereitende Buchhaltung, etc. <\/p>\n\n\n\n<p><strong>Folgende B\u00fcroarbeiten \u00fcbernehmen wir: <\/strong><\/p>\n\n\n\n<ul><li>B\u00fcro- und Sekretariatsarbeiten, wahlweise komplette B\u00fcrof\u00fchrung oder auch nur Teilbereiche (z.B. Angebots- und Rechnungserstellung, Posteingang und -ausgang, Aktenanlage, B\u00fcroorganisation, etc.)<\/li><li>Auf Wunsch Neustrukturierung der B\u00fcroabl\u00e4ufe\/-organisation<\/li><li>Schriftverkehr in allen Bereichen<\/li><li>Unterst\u00fctzung bei dem Neuaufbau eines B\u00fcros und den Abl\u00e4ufen<\/li><\/ul>\n\n\n\n<p><strong>Im Bereich Personal bieten wir an:<\/strong><\/p>\n\n\n\n<ul><li>Lohn- und Gehaltsabrechnungen (Agenda, Datev = auch Baulohn)<\/li><li>Personal- und Aktenverwaltung<\/li><li>Bewerbermanagement<\/li><li>Kontakt mit Krankenkassen, \u00c4mtern und Beh\u00f6rden<\/li><\/ul>\n\n\n\n<p><strong>Im Bereich Buchhaltung unterst\u00fctzen wir Sie bei:<\/strong><\/p>\n\n\n\n<ul><li>Sortieren\/Scannen der Belege (vorbereitende Buchhaltung)<\/li><li>\u00dcberwachung von Zahlungseing\u00e4ngen inkl. Mahnwesen<\/li><li>OPOS-Listen kl\u00e4ren \/ Unterst\u00fctzung bei der Vorbereitung des Jahresabschlusses<\/li><li>laufende Kontrolle der Liquidit\u00e4t des Betriebes<\/li><\/ul>\n\n\n\n<p><strong>F\u00fcr Ihre Immobilien k\u00f6nnen wir folgendes tun: <\/strong><\/p>\n\n\n\n<ul><li>Hausverwaltung \/ Immobilienverwaltung<\/li><li>Erstellung von Betriebs-\/Nebenkostenabrechnungen<\/li><\/ul>\n\n\n\n<p><strong>Wer steckt hinter baseworx office management?<\/strong><\/p>\n\n\n\n<p>Sabine Kliesch, 42 Jahre, gelernte B\u00fcrokauffrau mit mittlerweile 25 Jahren Berufserfahrung, seit \u00fcber 10 Jahren selbstst\u00e4ndig. Gelernt in der Disposition bei einem Kundendienst, gearbeitet bei der Deutschen Post und Telekom, dann den Schritt in die Selbstst\u00e4ndigkeit gewagt, mit Erfolg.<\/p>\n\n\n\n<p><strong>In welchen Branchen haben wir Erfahrung?<\/strong><\/p>\n\n\n\n<p>Unser Schwerpunkt liegt in der Baubranche, wie Putz &amp; Stuck, Maler, Elektriker, jedoch auch in der Betreuung von Hotel- und Gastronomiebetrieben, Autoh\u00e4ndlern, Sicherheits- und Reinigungsunternehmen und Hausverwaltungen k\u00f6nnen wir Erfahrungen vorweisen.<\/p>\n\n\n\n<p><strong>Was sind Ihre Vorteile durch die Beauftragung eines B\u00fcroservice?<\/strong><\/p>\n\n\n\n<p>-nur tats\u00e4chliche Arbeitszeit wird verg\u00fctet<\/p>\n\n\n\n<p>-keine Kosten bei Urlaub\/Krankheit<\/p>\n\n\n\n<p>-keine Steigerung der Lohnsumme f\u00fcr BG oder Versicherer<\/p>\n\n\n\n<p>-keine Vertragsbindung wie bei Arbeitnehmern<\/p>\n\n\n\n<p>Nutzen Sie die Vorteile durch unsere Beauftragung. Wir kommen gerne zu\nIhnen in Ihr B\u00fcro. Sie haben kein B\u00fcro? Kein Problem, bringen Sie Ihre\nUnterlagen in unser B\u00fcro. Wir verf\u00fcgen \u00fcber die n\u00f6tige Technik und das\nKnow-How\u2026.<\/p>\n\n\n\n<p>Dauerhaft, projektbezogen oder als Urlaubs- oder Krankheitsvertretung, fragen Sie uns an, wir unterbreiten Ihnen ein unverbindliches Angebot, das auf Ihren Bedarf zugeschnitten ist. Auch eine stundenweise Beauftragung ist m\u00f6glich.<\/p>\n\n\n\n<p>Wir weisen Sie hier schon darauf hin, dass wir keine steuerliche oder rechtliche Beratung durchf\u00fchren oder anbieten. Gerne k\u00f6nnen wir aber durch unser umfangreiches Netzwerk Berater in diesen Bereichen empfehlen.<\/p>\n\n\n\n<p>baseworx office management<\/p>\n\n\n\n<p>0177 \/\n20 30 721<\/p>\n\n\n\n<p>kontakt@baseworx.de<\/p>\n","protected":false},"excerpt":{"rendered":"<p>Sind Sie auf der Suche nach einer kompetenten B\u00fcrokraft, die in der Lage ist eigenst\u00e4ndig Ihr B\u00fcro zu f\u00fchren, w\u00e4hrend Sie sich um Ihre tats\u00e4chliche Arbeit k\u00fcmmern, z.B. auf der Baustelle, in der Werkstatt, in der K\u00fcche, im Hotel oder wo auch immer&#8230;. Dann sind wir Ihr professioneller Partner f\u00fcr die B\u00fcrof\u00fchrung und\/oder f\u00fcr Ihre &hellip; <\/p>\n<p class=\"link-more\"><a href=\"https:\/\/baseworx.de\/\" class=\"more-link\"><span class=\"screen-reader-text\">\u201eBaseWorx Office Management\u201c<\/span> weiterlesen<\/a><\/p>\n","protected":false},"author":1,"featured_media":0,"parent":0,"menu_order":0,"comment_status":"closed","ping_status":"closed","template":"","meta":[],"_links":{"self":[{"href":"https:\/\/baseworx.de\/index.php?rest_route=\/wp\/v2\/pages\/4"}],"collection":[{"href":"https:\/\/baseworx.de\/index.php?rest_route=\/wp\/v2\/pages"}],"about":[{"href":"https:\/\/baseworx.de\/index.php?rest_route=\/wp\/v2\/types\/page"}],"author":[{"embeddable":true,"href":"https:\/\/baseworx.de\/index.php?rest_route=\/wp\/v2\/users\/1"}],"replies":[{"embeddable":true,"href":"https:\/\/baseworx.de\/index.php?rest_route=%2Fwp%2Fv2%2Fcomments&post=4"}],"version-history":[{"count":4,"href":"https:\/\/baseworx.de\/index.php?rest_route=\/wp\/v2\/pages\/4\/revisions"}],"predecessor-version":[{"id":16,"href":"https:\/\/baseworx.de\/index.php?rest_route=\/wp\/v2\/pages\/4\/revisions\/16"}],"wp:attachment":[{"href":"https:\/\/baseworx.de\/index.php?rest_route=%2Fwp%2Fv2%2Fmedia&parent=4"}],"curies":[{"name":"wp","href":"https:\/\/api.w.org\/{rel}","templated":true}]}}